{"id":68,"date":"2018-10-16T15:44:33","date_gmt":"2018-10-16T13:44:33","guid":{"rendered":"http:\/\/texteaugeis.fr\/?page_id=68"},"modified":"2025-08-04T18:57:17","modified_gmt":"2025-08-04T16:57:17","slug":"geis-repass","status":"publish","type":"page","link":"https:\/\/texteaugeis.fr\/index.php\/geis-repass\/","title":{"rendered":"Repassage Pressing Naturam"},"content":{"rendered":"<p>Retrouvez un service de repassage dans votre Pressing Naturam au Centre Commercial Leclerc de Geispolsheim.<\/p>\n<p>Vous manquez de temps ou vous n&rsquo;avez simplement pas envie de repasser vos v\u00eatements, d\u00e9posez-nous votre corbeille \u00e0 linge et profitez d&rsquo;un service de repassage au kilo de qualit\u00e9.<\/p>\n\n\n<figure class=\"wp-block-table is-style-stripes\"><table><tbody><tr><td>Tarif TTC<br><\/td><td>SANS Carte de<br>Fid\u00e9lit\u00e9 Pressing Naturam<\/td><td>AVEC Carte de<br>Fid\u00e9lit\u00e9 Pressing Naturam<\/td><\/tr><tr><td>Repassage Minimum<br>1 kilo de linge<\/td><td>9,50 euros \/ kilo<\/td><td>9,00 euros \/ kilo<\/td><\/tr><tr><td>Repassage Chemise<br>lot de 4 Minimum<\/td><td><br><\/td><td>3,60 euros \/ pi\u00e8ce<\/td><\/tr><\/tbody><\/table><\/figure>\n\n\n\n<p><\/p>\n","protected":false},"excerpt":{"rendered":"<p>Retrouvez un service de repassage dans votre Pressing Naturam au Centre Commercial Leclerc de Geispolsheim. Vous manquez de temps ou vous n&rsquo;avez simplement pas envie de repasser vos v\u00eatements, d\u00e9posez-nous votre corbeille \u00e0 linge et profitez d&rsquo;un service de repassage au kilo de qualit\u00e9. Tarif TTC SANS Carte deFid\u00e9lit\u00e9 Pressing Naturam AVEC Carte deFid\u00e9lit\u00e9 Pressing [&hellip;]<\/p>\n","protected":false},"author":1,"featured_media":0,"parent":0,"menu_order":0,"comment_status":"closed","ping_status":"closed","template":"","meta":{"footnotes":""},"class_list":["post-68","page","type-page","status-publish","hentry"],"_links":{"self":[{"href":"https:\/\/texteaugeis.fr\/index.php\/wp-json\/wp\/v2\/pages\/68","targetHints":{"allow":["GET"]}}],"collection":[{"href":"https:\/\/texteaugeis.fr\/index.php\/wp-json\/wp\/v2\/pages"}],"about":[{"href":"https:\/\/texteaugeis.fr\/index.php\/wp-json\/wp\/v2\/types\/page"}],"author":[{"embeddable":true,"href":"https:\/\/texteaugeis.fr\/index.php\/wp-json\/wp\/v2\/users\/1"}],"replies":[{"embeddable":true,"href":"https:\/\/texteaugeis.fr\/index.php\/wp-json\/wp\/v2\/comments?post=68"}],"version-history":[{"count":14,"href":"https:\/\/texteaugeis.fr\/index.php\/wp-json\/wp\/v2\/pages\/68\/revisions"}],"predecessor-version":[{"id":179,"href":"https:\/\/texteaugeis.fr\/index.php\/wp-json\/wp\/v2\/pages\/68\/revisions\/179"}],"wp:attachment":[{"href":"https:\/\/texteaugeis.fr\/index.php\/wp-json\/wp\/v2\/media?parent=68"}],"curies":[{"name":"wp","href":"https:\/\/api.w.org\/{rel}","templated":true}]}}