{"id":101,"date":"2018-10-23T10:44:22","date_gmt":"2018-10-23T08:44:22","guid":{"rendered":"http:\/\/texteaugeis.fr\/?page_id=101"},"modified":"2025-08-04T18:51:09","modified_gmt":"2025-08-04T16:51:09","slug":"rgpd","status":"publish","type":"page","link":"https:\/\/texteaugeis.fr\/index.php\/rgpd\/","title":{"rendered":"RGPD"},"content":{"rendered":"<h1><strong>Avis de confidentialit\u00e9<\/strong><\/h1>\n<p>Votre vie priv\u00e9e et la s\u00e9curit\u00e9 de vos donn\u00e9es personnelles sont tr\u00e8s\u00a0importantes pour nous.<\/p>\n<p>Nous mettons donc les Avis de confidentialit\u00e9 suivants \u00e0 votre disposition pour vous fournir des informations de mani\u00e8re transparente conform\u00e9ment au R\u00e8glement g\u00e9n\u00e9ral sur la protection des donn\u00e9es de l\u2019UE (UE 2016\/679) &#8211; RGPD :<\/p>\n<ul>\n<li>Qui traite vos donn\u00e9es ?<\/li>\n<li>Pourquoi le traitement de vos donn\u00e9es est-il important pour nous ?<\/li>\n<li>Quel type de donn\u00e9es traitons-nous ?<\/li>\n<li>Quand traitons-nous vos donn\u00e9es<\/li>\n<li>Vos droits concernant le traitement de vos donn\u00e9es<\/li>\n<\/ul>\n<p>Veuillez lire attentivement le pr\u00e9sent Avis de confidentialit\u00e9.<\/p>\n<h2><strong>1. Coordonn\u00e9es<\/strong><\/h2>\n<p>Si vous voulez conna\u00eetre les coordonn\u00e9es du responsable du traitement des donn\u00e9es pour ce site web, veuillez consulter nos mentions l\u00e9gales.<\/p>\n<p>Pour contacter notre d\u00e9l\u00e9gu\u00e9 \u00e0 la protection des donn\u00e9es du groupe, veuillez nous envoyer un e-mail pressingnaturam@gmail.com<\/p>\n<h2><strong>2. Informations g\u00e9n\u00e9rales sur le traitement de vos donn\u00e9es<\/strong><\/h2>\n<p>Les donn\u00e9es personnelles sont uniquement collect\u00e9es et trait\u00e9es par nous dans le but de vous fournir un site web fonctionnel et pratique ainsi que nos contenus et services.<\/p>\n<p>Nous traitons vos donn\u00e9es uniquement et dans la mesure o\u00f9 ceci est autoris\u00e9 par les r\u00e8glementations juridiques nationales et europ\u00e9ennes. Les raisons de droit sur lesquelles le traitement est effectu\u00e9 sont expliqu\u00e9es au cas par cas ci-dessous. Nous vous expliquons \u00e9galement pourquoi nous traitons vos donn\u00e9es et dans quelles situations \/ concernant quels services.<\/p>\n<p>Vos donn\u00e9es seront stock\u00e9es jusqu\u2019\u00e0 la fin de l\u2019application du stockage. Dans certains cas, les r\u00e8glementations, lois ou autres r\u00e8glements ou contrats nationaux ou europ\u00e9ens auxquels nous sommes soumis prescrivent un d\u00e9lai de stockage plus long ou plus court. Les donn\u00e9es seront alors supprim\u00e9es \u00e0 la fin de ce d\u00e9lai. Vous trouverez plus d\u2019informations sur la base du cas par cas ci-dessous.<\/p>\n<h2><strong>3. Traitement de vos donn\u00e9es<\/strong><\/h2>\n<h3>3.1 Visite de nos sites web et cr\u00e9ation des fichiers journaux<\/h3>\n<p>Chaque fois que vous visitez notre site, notre syst\u00e8me collecte automatiquement les donn\u00e9es et les informations provenant de votre syst\u00e8me informatique. Nous collectons les donn\u00e9es suivantes comme :<\/p>\n<ul>\n<li>l\u2019adresse IP ;<\/li>\n<li>le type \/ la version du navigateur ;<\/li>\n<li>l\u2019appareil ;<\/li>\n<li>le syst\u00e8me d\u2019exploitation ;<\/li>\n<li>la date et l\u2019heure de l\u2019acc\u00e8s ;<\/li>\n<\/ul>\n<p>Ces donn\u00e9es sont \u00e9galement stock\u00e9es dans les fichiers journaux de notre syst\u00e8me.<\/p>\n<p>Ces donn\u00e9es ne sont pas stock\u00e9es avec d\u2019autres donn\u00e9es personnelles. Il est n\u00e9cessaire que notre syst\u00e8me stocke temporairement l\u2019adresse IP des utilisateurs de sorte que le site web puisse \u00eatre fourni \u00e0 votre ordinateur. Votre adresse IP doit rester stock\u00e9e pendant la dur\u00e9e d\u2019utilisation du site web. Le stockage dans les fichiers journaux soutient donc la fonctionnalit\u00e9 du site web. Nous utilisons \u00e9galement ces donn\u00e9es pour optimiser notre site web et am\u00e9liorer la s\u00e9curit\u00e9 de nos syst\u00e8mes informatiques. Les donn\u00e9es ne seront pas utilis\u00e9es \u00e0 des fins de marketing dans ce contexte. Les raisons de droit pour le stockage temporaire des donn\u00e9es et les fichiers journaux se trouvent \u00e0 l\u2019article 6 par. 1 lit. f du RGPD.<\/p>\n<p>Les donn\u00e9es sont stock\u00e9es aussi longtemps que n\u00e9cessaire pour r\u00e9pondre \u00e0 la fin de leur collecte. Les donn\u00e9es qui sont requises pour la fonctionnalit\u00e9 du site web seront supprim\u00e9es \u00e0 la fin de la session concern\u00e9e. D\u2019autres donn\u00e9es seront stock\u00e9es aussi longtemps que n\u00e9cessaire afin de r\u00e9pondre aux fins pour lesquelles elles ont \u00e9t\u00e9 collect\u00e9es.<\/p>\n<p>La collecte des donn\u00e9es pour la fourniture du site web et le stockage des donn\u00e9es dans des fichiers journaux sont n\u00e9cessaires au fonctionnement du site web.<\/p>\n<h3>3.2 E-mails SMS de statut<\/h3>\n<p>En tant que client achetant nos prestations, en indiquant votre n\u00b0 de portable ou votre adresse e-mail nous vous informons de la disponibilit\u00e9 de vos articles quand tous sont disponibles. Ceci repr\u00e9sente un int\u00e9r\u00eat l\u00e9gitime au sens de l\u2019article 6 par. 1 lit. f) du RGPD. Vous pouvez vous opposer \u00e0 ces e-mails \u00e0 tout moment en cliquant sur le lien de d\u00e9sinscription en bas de chaque e-mail de statut. Apr\u00e8s votre opposition, vos donn\u00e9es ne seront plus trait\u00e9es \u00e0 cette fin. En outre, vous pouvez toujours conna\u00eetre le statut en appelant votre magasin- pressing.<\/p>\n<h3>3.3 Enqu\u00eate de satisfaction destin\u00e9e aux clients<\/h3>\n<p>Nous r\u00e9alisons des enqu\u00eates aupr\u00e8s de nos clients, car nous sommes toujours int\u00e9ress\u00e9s par votre avis sur notre gamme de services. En tant que client, vous recevrez r\u00e9guli\u00e8rement un e-mail de notre part vous demandant votre \u00e9valuation des services. Ce faisant, nous nous conformons aux exigences l\u00e9gales de la Directive europ\u00e9enne 2002\/58\/CE. Pour cela, nous utilisons l\u2019adresse e-mail que vous avez indiqu\u00e9e. Vous pouvez vous opposer \u00e0 cette enqu\u00eate de satisfaction client par e-mail \u00e0 tout moment sans encourir de frais autres que les frais de transmission selon les tarifs de base. Apr\u00e8s votre opposition, vos donn\u00e9es ne seront plus trait\u00e9es \u00e0 ces fins.<\/p>\n<h2><strong>4. Transfert des donn\u00e9es personnelles \u00e0 des pays tiers<\/strong><\/h2>\n<p>Sans objet<\/p>\n<h2><strong>5. Vos droits<\/strong><\/h2>\n<p>Nous voulons vous informer de vos droits concernant le traitement de vos donn\u00e9es personnelles par nous. Si vous avez des questions concernant vos droits ou si vous souhaitez exercer l\u2019un ou plusieurs de vos droits envers nous, veuillez nous envoyer un e-mail \u00e0 <a href=\"mailto:dataprivacy@olympus-europa.com\">dataprivacy@olympus-europa.com<\/a>.<\/p>\n<h3>5.1 Droit de retirer la d\u00e9claration relative \u00e0 la protection des donn\u00e9es du consentement (article 7 par. 3 du RGPD)<\/h3>\n<p>Si le traitement de vos donn\u00e9es par nos soins est bas\u00e9 sur votre consentement explicite, vous avez le droit de retirer ce consentement \u00e0 tout moment. Le retrait du consentement n\u2019affecte pas la l\u00e9galit\u00e9 du traitement effectu\u00e9 sur la base du consentement jusqu\u2019au retrait. Vous serez inform\u00e9 de ce droit avant de donner votre consentement.<\/p>\n<h3>5.2 Droit \u00e0 l\u2019information (article 15 du RGPD)<\/h3>\n<p>Conform\u00e9ment \u00e0 l\u2019article 15 du RGPD, vous avez le droit de nous demander confirmation pour savoir si nous traitons des donn\u00e9es personnelles vous concernant. Si tel est le cas, vous disposez d\u2019un droit \u00e0 l\u2019information au sujet de ces donn\u00e9es personnelles et aux informations suivantes : les fins auxquelles nous utilisons vos donn\u00e9es personnelles ; les cat\u00e9gories de donn\u00e9es personnelles vous concernant que nous avons en notre possession ; les destinataires ou les cat\u00e9gories de destinataires \u00e0 qui vos donn\u00e9es personnelles ont \u00e9t\u00e9, ou seront, divulgu\u00e9es par nous ; si possible, le d\u00e9lai envisag\u00e9 pendant lequel les donn\u00e9es personnelles seront stock\u00e9es ou, si cela n\u2019est pas possible, les crit\u00e8res servant \u00e0 d\u00e9terminer ce d\u00e9lai ; si la source des donn\u00e9es personnelles que nous avons vous concernant n\u2019est pas directement vous, toute information pertinente quant \u00e0 la mani\u00e8re dont vos donn\u00e9es personnelles sont venues en notre possession ; si nous utilisons vos donn\u00e9es personnelles dans le cadre de tout processus de prise de d\u00e9cisions automatis\u00e9 et, le cas \u00e9ch\u00e9ant, d\u2019autres informations concernant leur importance. Lorsque des donn\u00e9es personnelles sont transf\u00e9r\u00e9es vers un pays tiers ou une organisation internationale, vous avez le droit d\u2019\u00eatre inform\u00e9 des protections appropri\u00e9es pour s\u2019assurer que les destinataires sont \u00e9galement en conformit\u00e9 avec les dispositions du RGPD.<\/p>\n<h3>5.3 Droit de rectification (article 16 du RGPD)<\/h3>\n<p>Vous pouvez nous demander de corriger les donn\u00e9es erron\u00e9es vous concernant sans d\u00e9lai. En prenant en compte les fins du traitement, vous avez \u00e9galement le droit de demander l\u2019ach\u00e8vement des donn\u00e9es personnelles incompl\u00e8tes, notamment par le biais d\u2019une d\u00e9claration compl\u00e9mentaire.<\/p>\n<h3>5.4 Droit de suppression ou \u00ab droit \u00e0 l\u2019oubli \u00bb (article 17 du RGPD)<\/h3>\n<p>Vous avez le droit de demander la suppression imm\u00e9diate de vos donn\u00e9es si l\u2019une des raisons suivantes s\u2019applique :<\/p>\n<ul>\n<li>les donn\u00e9es ne sont plus n\u00e9cessaires aux fins pour lesquelles elles ont \u00e9t\u00e9 collect\u00e9es ou autrement trait\u00e9es ;<\/li>\n<li>vous retirez votre consentement sur lequel le traitement a \u00e9t\u00e9 fond\u00e9 et il n\u2019y a pas d\u2019autre base juridique du traitement ;<\/li>\n<li>vous vous opposez au traitement conform\u00e9ment \u00e0 l\u2019article 21 par. 1 du RGPD pour des raisons d\u00e9coulant de votre situation particuli\u00e8re et il n\u2019y a pas d\u2019int\u00e9r\u00eat l\u00e9gitime motif du traitement ;<\/li>\n<li>vous vous opposez au traitement \u00e0 des fins de marketing direct conform\u00e9ment \u00e0 l\u2019article 21 par. 2 du RGPD) ;<\/li>\n<li>les donn\u00e9es ont \u00e9t\u00e9 trait\u00e9es ill\u00e9galement ;<\/li>\n<li>la suppression des donn\u00e9es est n\u00e9cessaire pour remplir une obligation l\u00e9gale en vertu du droit europ\u00e9en ou national ;<\/li>\n<li>les donn\u00e9es ont \u00e9t\u00e9 collect\u00e9es en relation avec une offre de services d\u2019une soci\u00e9t\u00e9 de l\u2019information directement \u00e0 un enfant pr\u00e9vu conform\u00e9ment \u00e0 l\u2019article 8 par. 1 du RGPD.<\/li>\n<\/ul>\n<p>Nous nous conformerons \u00e0 la demande de suppression, sauf si nous sommes l\u00e9galement dans l\u2019obligation ou sauf si nous avons le droit de continuer \u00e0 stocker et \u00e0 traiter vos donn\u00e9es. En particulier, les d\u00e9lais de conservation l\u00e9gaux sont consid\u00e9r\u00e9s comme des obligations l\u00e9gales. De plus, nous avons le droit \u00e0 un stockage continu si nous ne sommes pas en mesure d\u2019affirmer, d\u2019exercer ou de d\u00e9fendre des r\u00e9clamations fond\u00e9es en droit sans vos donn\u00e9es.<\/p>\n<p>Si nous avons rendu vos donn\u00e9es publiques et que nous sommes dans l\u2019obligation de les supprimer, nous prendrons les mesures appropri\u00e9es, en prenant en compte la technologie disponible et les frais de mise en \u0153uvre, pour informer les responsables si vous avez \u00e9galement demand\u00e9 la suppression de leur part.<\/p>\n<h3>5.5 Droit de limite de traitement (article 18 du RGPD)<\/h3>\n<p>Conform\u00e9ment \u00e0 l\u2019article 18 du RGPD, nous pouvons uniquement traiter les donn\u00e9es dans une mesure limit\u00e9e dans les cas suivants :<\/p>\n<ul>\n<li>vous contestez l\u2019exactitude de vos donn\u00e9es jusqu\u2019\u00e0 ce que nous soyons en mesure de v\u00e9rifier leur exactitude ;<\/li>\n<li>le traitement est ill\u00e9gal et vous refusez de supprimer vos donn\u00e9es et demandez \u00e0 la place que l\u2019utilisation des donn\u00e9es personnelles soit restreinte ;<\/li>\n<li>nous n\u2019avons plus besoin des donn\u00e9es aux fins de traitement, mais vous avez besoin de ces donn\u00e9es pour affirmer, exercer ou d\u00e9fendre des r\u00e9clamations fond\u00e9es en droit ou ;<\/li>\n<li>vous vous opposez au traitement conform\u00e9ment \u00e0 l\u2019article 21 par. 1 du RGPD pour des raisons d\u00e9coulant de votre situation particuli\u00e8re, aussi longtemps qu\u2019il n\u2019est pas encore clair si les raisons l\u00e9gitimes pour le traitement par nos soins l\u2019emportent sur vos int\u00e9r\u00eats.<\/li>\n<\/ul>\n<p>Si le traitement a \u00e9t\u00e9 restreint, nous pouvons uniquement stocker ces donn\u00e9es. Un traitement suppl\u00e9mentaire dans ce cas est autoris\u00e9 uniquement avec votre consentement ou dans le but d\u2019affirmer, d\u2019exercer ou de d\u00e9fendre des r\u00e9clamations fond\u00e9es en droit ou de prot\u00e9ger les droits d\u2019une autre personne physique ou morale ou pour des raisons d\u2019un int\u00e9r\u00eat public important de l\u2019Union europ\u00e9enne ou d\u2019un \u00c9tat membre. Vous pouvez r\u00e9voquer votre consentement donn\u00e9 \u00e0 cette fin \u00e0 tout moment. Vous serez inform\u00e9 par nous avant que la restriction ne soit lev\u00e9e.<\/p>\n<h3>5.6 Obligation de notification concernant la rectification ou l\u2019effacement des donn\u00e9es personnelles (article 19 du RGPD)<\/h3>\n<p>Nous sommes tenus d\u2019informer tous les destinataires \u00e0 qui vos donn\u00e9es ont \u00e9t\u00e9 communiqu\u00e9es au sujet d\u2019une rectification ou suppression de vos donn\u00e9es ou d\u2019une restriction du traitement. Ceci n\u2019est pas applicable si cela est impossible ou implique des efforts disproportionn\u00e9s. Nous vous informerons au sujet de ces destinataires, sur demande.<\/p>\n<h3>5.7 Droit de transf\u00e9rabilit\u00e9 des donn\u00e9es (article 20 du RGPD)<\/h3>\n<p>Vous avez le droit de recevoir des donn\u00e9es vous concernant que vous nous avez fournies dans un cadre structur\u00e9, commun et dans un format \u00e9lectronique. Vous avez \u00e9galement le droit de nous instruire concernant la transmission de vos donn\u00e9es \u00e0 un tiers, \u00e0 condition que<\/p>\n<ul>\n<li>le traitement des donn\u00e9es soit bas\u00e9 sur votre consentement ou sur un contrat et que<\/li>\n<li>le traitement soit effectu\u00e9 en utilisant des m\u00e9thodes automatis\u00e9es.<\/li>\n<\/ul>\n<p>Vous pouvez nous demander de transf\u00e9rer vos donn\u00e9es directement au tiers, si cela est techniquement possible.<\/p>\n<p>Cependant, ce droit ne doit pas porter atteinte aux droits et libert\u00e9s d\u2019autres personnes, y compris notre soci\u00e9t\u00e9. Si tel est le cas, nous sommes en droit de refuser la fourniture ou le transfert de vos donn\u00e9es.<\/p>\n<h3>5.8 D\u00e9cision automatis\u00e9e dans des cas individuels, y compris le profilage (article 22 du RGPD)<\/h3>\n<p>Sur nos sites web, vos donn\u00e9es ne font pas l\u2019objet de d\u00e9cisions prises exclusivement sur la base d\u2019un traitement automatis\u00e9 (par exemple, le profilage). Vous avez le droit de ne pas faire l\u2019objet d\u2019une d\u00e9cision fond\u00e9e exclusivement sur le traitement automatis\u00e9, y compris le profilage, si cela a un effet juridique contre vous ou vous affecte consid\u00e9rablement d\u2019une mani\u00e8re similaire.<\/p>\n<h3>5.9 Droit d\u2019opposition (article 21 du RGPD)<\/h3>\n<p>Si nous traitons vos donn\u00e9es sur la base d\u2019un int\u00e9r\u00eat l\u00e9gitime (article 6 par. 1 lit. f du RGPD), vous avez le droit de vous y opposer si les raisons de cela d\u00e9coulent de votre situation particuli\u00e8re. Ceci s\u2019applique \u00e9galement au profilage sur la base de ces dispositions.<\/p>\n<p>Dans ce cas, nous ne pourrons plus traiter vos donn\u00e9es, sauf si nous pouvons prouver que des raisons imp\u00e9ratives de protection pour le traitement le justifient. Ceci doit l\u2019emporter sur vos int\u00e9r\u00eats, droits et libert\u00e9s, ou si le traitement sert \u00e0 affirmer, exercer ou d\u00e9fendre des r\u00e9clamations fond\u00e9es en droit.<\/p>\n<p>Si nous traitons vos donn\u00e9es \u00e0 des fins de marketing direct, vous pouvez vous opposer au traitement de vos donn\u00e9es. Ceci s\u2019applique \u00e9galement au profilage dans la mesure o\u00f9 il est associ\u00e9 \u00e0 cette publicit\u00e9 directe.<\/p>\n<p>Apr\u00e8s votre opposition, vos donn\u00e9es ne seront plus trait\u00e9es \u00e0 ces fins.<\/p>\n<h3>5.10 Droit d\u2019appel aupr\u00e8s d\u2019une autorit\u00e9 de surveillance (article 77 du RGPD)<\/h3>\n<p>Vous avez le droit de porter plainte aupr\u00e8s d\u2019une autorit\u00e9 de surveillance, en particulier dans l\u2019\u00c9tat membre dans lequel vous s\u00e9journez, travaillez ou suspectez qu\u2019une violation du R\u00e8glement g\u00e9n\u00e9ral sur la protection des donn\u00e9es contre vous a eu lieu. Les autres voies de recours administratives ou judiciaires auxquelles vous avez peut-\u00eatre droit restent inchang\u00e9es.<\/p>\n<h2>6. Mises \u00e0 jour de nos Conditions de confidentialit\u00e9 et de notre Politique en mati\u00e8re de cookies<\/h2>\n<p>Nous nous r\u00e9servons le droit de mettre \u00e0 jour la pr\u00e9sente politique de confidentialit\u00e9 r\u00e9guli\u00e8rement si les conditions l\u00e9gales, techniques ou \u00e9conomiques changent. Lorsque nous mettons \u00e0 jour notre politique de confidentialit\u00e9, nous nous engageons \u00e0 mettre en place des mesures appropri\u00e9es pour vous informer l\u2019importance des modifications que nous avons apport\u00e9es. Nous obtiendrons votre consentement pour toutes les modifications importantes apport\u00e9es \u00e0 la politique de confidentialit\u00e9 si et dans la mesure o\u00f9 cela est n\u00e9cessaire en vertu des lois sur la confidentialit\u00e9 des donn\u00e9es.<\/p>\n<h2>7. Avis concernant l\u2019h\u00e9bergement<\/h2>\n<p>Tous nos sites web sont h\u00e9berg\u00e9s par des fournisseurs de services d\u2019h\u00e9bergement qui respectent les derni\u00e8res normes en mati\u00e8re de protection des donn\u00e9es et de s\u00e9curit\u00e9 des donn\u00e9es.<\/p>\n<p>Derni\u00e8re mise \u00e0 jour : 04\/08\/2025<\/p>\n","protected":false},"excerpt":{"rendered":"<p>Avis de confidentialit\u00e9 Votre vie priv\u00e9e et la s\u00e9curit\u00e9 de vos donn\u00e9es personnelles sont tr\u00e8s\u00a0importantes pour nous. Nous mettons donc les Avis de confidentialit\u00e9 suivants \u00e0 votre disposition pour vous fournir des informations de mani\u00e8re transparente conform\u00e9ment au R\u00e8glement g\u00e9n\u00e9ral sur la protection des donn\u00e9es de l\u2019UE (UE 2016\/679) &#8211; RGPD : Qui traite vos [&hellip;]<\/p>\n","protected":false},"author":1,"featured_media":0,"parent":0,"menu_order":0,"comment_status":"closed","ping_status":"closed","template":"","meta":{"footnotes":""},"class_list":["post-101","page","type-page","status-publish","hentry"],"_links":{"self":[{"href":"https:\/\/texteaugeis.fr\/index.php\/wp-json\/wp\/v2\/pages\/101","targetHints":{"allow":["GET"]}}],"collection":[{"href":"https:\/\/texteaugeis.fr\/index.php\/wp-json\/wp\/v2\/pages"}],"about":[{"href":"https:\/\/texteaugeis.fr\/index.php\/wp-json\/wp\/v2\/types\/page"}],"author":[{"embeddable":true,"href":"https:\/\/texteaugeis.fr\/index.php\/wp-json\/wp\/v2\/users\/1"}],"replies":[{"embeddable":true,"href":"https:\/\/texteaugeis.fr\/index.php\/wp-json\/wp\/v2\/comments?post=101"}],"version-history":[{"count":4,"href":"https:\/\/texteaugeis.fr\/index.php\/wp-json\/wp\/v2\/pages\/101\/revisions"}],"predecessor-version":[{"id":172,"href":"https:\/\/texteaugeis.fr\/index.php\/wp-json\/wp\/v2\/pages\/101\/revisions\/172"}],"wp:attachment":[{"href":"https:\/\/texteaugeis.fr\/index.php\/wp-json\/wp\/v2\/media?parent=101"}],"curies":[{"name":"wp","href":"https:\/\/api.w.org\/{rel}","templated":true}]}}